{"id":7020,"date":"2017-01-04T22:27:59","date_gmt":"2017-01-04T19:27:59","guid":{"rendered":"https:\/\/bibersa.com\/?page_id=7020"},"modified":"2023-04-08T16:08:47","modified_gmt":"2023-04-08T13:08:47","slug":"seslendirme-yapmak-istiyorum","status":"publish","type":"page","link":"https:\/\/tasima.bibersa.com\/en\/starting-voice-acting-career\/","title":{"rendered":"I Want to Voice Over"},"content":{"rendered":"<div class=\"wpb-content-wrapper\"><div data-vc-full-width=\"true\" data-vc-full-width-init=\"false\" data-vc-parallax=\"1.5\" data-vc-parallax-image=\"https:\/\/tasima.bibersa.com\/wp-content\/uploads\/2022\/10\/seslendirme-yapmak-istiyorum.png\" class=\"vc_row wpb_row top-row vc_custom_1664745661326 vc_row-has-fill vc_general vc_parallax vc_parallax-content-moving porto-inner-container\"><div class=\"porto-wrap-container container\"><div class=\"row\"><div class=\"vc_column_container col-md-8 vc_custom_1543888239030\"><div class=\"wpb_wrapper vc_column-inner\"><div class=\"page-top page-header-6   wpb_custom_1cd718fbd1e11b9d3e23db9181abe86d\" data-appear-animation=\"fadeInUp\" data-appear-animation-delay=\"200\"><style>.page-top { background: none; border-bottom: none; } .page-top .page-title:not(.b-none):after { display: none; }.page-top .breadcrumbs-wrap { color: rgba(255,255,255,0.7)}.page-top .breadcrumbs-wrap a { color: #dbdbdb }.page-top .page-title {color: #ffffff;font-size: 3.5em;margin-bottom: 15px;}.page-top .page-sub-title { color: #ffffff }<\/style><div class=\"container\">\r\n\t<div class=\"row\">\r\n\t\t<div class=\"col-lg-12 clearfix\">\r\n\t\t\t<div class=\"pt-right\">\r\n\t\t\t\t\t\t\t\t<h1 class=\"page-title b-none\"><\/h1>\r\n\t\t\t\t\t\t\t\t\t<p class=\"page-sub-title\">Do you want to do voiceover but don&#039;t know where to start? First of all, you should make sure that you have a good diction. You can get the analysis report now by making a Sound Analysis!<\/p>\r\n\t\t\t\t\t\t\t<\/div>\r\n\t\t\t\t\t\t\t<div class=\"breadcrumbs-wrap pt-left breadcrumbs-with-subtitle\">\r\n\t\t\t\t\t<ul class=\"breadcrumb\"><li class=\"home\"><a  href=\"https:\/\/tasima.bibersa.com\/en\" title=\"Go to Home Page\"><span >Home<\/span><\/a><i class=\"delimiter delimiter-2\"><\/i><\/li><\/ul>\t\t\t\t<\/div>\r\n\t\t\t\t\t\t\t\t<\/div>\r\n\t<\/div>\r\n<\/div>\r\n<\/div><div class=\"vc_btn3-container vc_btn3-inline vc_do_btn\" >\r\n\t<a class=\"vc_btn3 vc_btn3-shape-rounded wpb_custom_6687b26f39488ddbb85ddb3c1ce8e111 vc_btn3-icon-right btn btn-borders btn-xl btn-success\" href=\"https:\/\/www.sesanalizi.com\/\" title=\"Apply Now!\" target=\"_blank\" rel=\"noopener\">Get Audio Analysis! <i class=\"vc_btn3-icon fas fa-chevron-right\"><\/i><\/a>\t<\/div>\r\n<\/div><\/div><div class=\"overflow-hidden d-flex align-items-end vc_column_container col-md-4\"><div class=\"wpb_wrapper vc_column-inner\"><\/div><\/div><\/div><\/div><\/div><div class=\"vc_row-full-width vc_clearfix\"><\/div><div class=\"vc_row wpb_row row top-row\"><div class=\"vc_column_container col-md-12\"><div class=\"wpb_wrapper vc_column-inner\"><h2  class=\"vc_custom_heading vc_do_custom_heading vc_custom_1659537912233 wpb_custom_aa365bd5046e8294520b4e73732b9d15 align-left text-uppercase\" >WHERE TO BEGIN WITH VOICE AND DUBBING?<\/h2>\r\n\t<div class=\"wpb_text_column wpb_content_element wpb_custom_7c91d232724f73626cc933bd95b25ff0\" >\r\n\t\t<div class=\"wpb_wrapper\">\r\n\t\t\t<p>You get compliments on your impressive tone from everyone around you. We also agree with you. However, we are not concerned with your impressive tone, but with your vocalization technique. Voiceover technique; We understand that you want to start the accent, intonation, voiceover and dubbing business, give voice to an advertisement, talk a character. It&#039;s nice to have an impressive voice, but it&#039;s not enough.<br \/>\nFirst of all, you need to know this well. To do the dubbing and dubbing profession, you need to know the definition of dubbing and dubbing well.<br \/>\nDubbing; To voice the texts prepared for the brand, product and service. Dubbing; Re-talking the characters and actors in movies, documentaries and TV series. The voice actor voices the voice, the dubbing artist speaks the character.<br \/>\nThink You&#039;re Talented at Dubbing? &gt; You Must Have Dubbing Analysis!<br \/>\nDo you want to step into the fun world of dubbing by giving voice to characters in movies, TV series, animations and cartoons? We listen to your voice with our dubbing director and prepare a PDF report for you.<br \/>\nThink You&#039;re Talented in Voice Over? &gt; You Should Have a Voice Over Analysis!<br \/>\nDo you want to voice commercials, be the voice of big brands and make money with your voice?<br \/>\nWe listen to your voice with our voiceover director and prepare a PDF report for you.<br \/>\nTo get more information about voice-over dubbing, you can take a look at the frequently asked questions by voice-over and dubbing enthusiasts.<\/p>\n\r\n\t\t<\/div>\r\n\t<\/div>\r\n\n\t<div class=\"wpb_video_widget wpb_content_element vc_clearfix   vc_video-aspect-ratio-169 vc_video-el-width-100 vc_video-align-left\" >\n\t\t<div class=\"wpb_wrapper\">\n\t\t\t\n\t\t\t<div class=\"wpb_video_wrapper\"><iframe loading=\"lazy\" title=\"We Voice Life | BiberSA Production Promotional Film 2019\" width=\"500\" height=\"281\" src=\"https:\/\/www.youtube.com\/embed\/zzKYxE6JptQ?list=PLx0hHbhoUBKdXsP4wvhRBr1hMNUZp0Neu\" frameborder=\"0\" allow=\"accelerometer; autoplay; clipboard-write; encrypted-media; gyroscope; picture-in-picture; web-share\" allowfullscreen><\/iframe><\/div>\n\t\t<\/div>\n\t<\/div>\n<div class=\"vc_btn3-container vc_btn3-center vc_custom_1659537941983 vc_do_btn\" >\r\n\t<a class=\"vc_btn3 vc_btn3-shape-round vc_btn3-block wpb_custom_6687b26f39488ddbb85ddb3c1ce8e111 vc_btn3-icon-left btn btn-borders btn-xl btn-success\" href=\"https:\/\/tasima.bibersa.com\/en\/apply-voice-talent\/\" title=\"Voice Over Application\"><i class=\"vc_btn3-icon vc-material vc-material-mic\"><\/i> CLICK HERE FOR VOICE APPLICATION<\/a>\t<\/div>\r\n<\/div><\/div><\/div><div class=\"vc_row wpb_row row top-row\"><div class=\"vc_column_container col-md-12\"><div class=\"wpb_wrapper vc_column-inner\"><h4  class=\"vc_custom_heading vc_do_custom_heading wpb_custom_aa365bd5046e8294520b4e73732b9d15 align-left text-uppercase\" >Frequently Asked Questions<\/h4><div class=\"porto-toggles wpb_content_element  toggle-sm\"><section class=\"vc_do_toggle toggle\"><label>Are there internship opportunities at BiberSA?<\/label><div class=\"toggle-content\"><p><span style=\"font-weight: 400;\">Candidates who want to take part in BiberSA Production as an intern <\/span><a href=\"mailto:basvuru@bibersa.com\"><span style=\"font-weight: 400;\">basvuru@bibersa.com<\/span><\/a><span style=\"font-weight: 400;\"> They should apply to the address along with their CV. Applications are kept confidential in our CV bank to be evaluated for vacant positions and not to be shared with third parties.<\/span><\/p>\n<\/div><\/section><section class=\"vc_do_toggle toggle\"><label>How to prepare an audio demo?<\/label><div class=\"toggle-content\"><p><span style=\"font-weight: 400;\">To make us listen to your voice <\/span><a href=\"https:\/\/tasima.bibersa.com\/en\/blog\/ad-texts\/\"><span style=\"font-weight: 400;\">ad texts<\/span><\/a><span style=\"font-weight: 400;\"> You can save the texts you will access from our page in the voice recording section of your mobile phone and send them to us. <\/span><a href=\"mailto:basvuru@bibersa.com\"><span style=\"font-weight: 400;\">basvuru@bibersa.com<\/span><\/a><span style=\"font-weight: 400;\"> or you can send it from the application form above. Reading an ad or two will suffice. If you already have a professional sound demo, you can also send your sound demo to us via the form or e-mail. For more detailed information about preparing a demo <\/span><a href=\"https:\/\/tasima.bibersa.com\/en\/blog\/planning-voice-over-demos\/\"><span style=\"font-weight: 400;\">Tips for making a demo<\/span><\/a><span style=\"font-weight: 400;\"> You can check our blog page.<\/span><\/p>\n<\/div><\/section><section class=\"vc_do_toggle toggle\"><label>How long does it take to return my application?<\/label><div class=\"toggle-content\"><p><span style=\"font-weight: 400;\">Both from the voice-over application form and <\/span><a href=\"mailto:basvuru@bibersa.com\"><span style=\"font-weight: 400;\">basvuru@bibersa.com<\/span><\/a><span style=\"font-weight: 400;\"> If the applications sent to us via e-mail address are positive, you will be returned via e-mail and you will be given a written answer about how to proceed from now on. You will not be returned with a negative result. Information on the status of your application by phone <\/span><span style=\"font-weight: 400;\">definitely<\/span><span style=\"font-weight: 400;\"> is not provided.<\/span><\/p>\n<p>&nbsp;<\/p>\n<\/div><\/section><section class=\"vc_do_toggle toggle\"><label>How can I join the soundbank?<\/label><div class=\"toggle-content\"><p><span style=\"font-weight: 400;\">BiberSA production works with professional dubbing and dubbing artists in Turkey. If you are one of these qualifications, you can apply <\/span><a href=\"mailto:basvuru@bibersa.com\"><span style=\"font-weight: 400;\">basvuru@bibersa.com<\/span><\/a><span style=\"font-weight: 400;\"> You can send it to us with your audio demos at <\/span><\/p>\n<\/div><\/section><section class=\"vc_do_toggle toggle\"><label>Is it important to enroll in dubbing courses?<\/label><div class=\"toggle-content\"><p><span style=\"font-weight: 400;\">If you have not done dubbing or dubbing before and if it is your first experience in the sector, you should definitely get training for a certain period of time by registering for voice-over or dubbing courses in order to get to know the sector, to have a grasp of the intricacies of the job, to acquire the technique of the job. Training in voice-over courses will not make you a professional, but this will be the first step. However, you can improve yourself by bringing your language to the desired consistency with your individual efforts and studies.<\/span><\/p>\n<\/div><\/section><\/div><\/div><\/div><\/div>\n<\/div>","protected":false},"excerpt":{"rendered":"Seslendirme yapmak istiyorsunuz ancak nereden ba\u015flaman\u0131z gerekti\u011fini bilmiyor musunuz? Seslendirme konusunda \u00f6ncelikle iyi bir diksiyonunuz oldu\u011fundan emin olmal\u0131s\u0131n\u0131z. Ses Analizi yapt\u0131rarak analiz raporunu \u015fimdi alabilirsin! Home Ses Analizi Yapt\u0131r\u0131n! SESLEND\u0130RME VE DUBLAJ YAPMAYA NEREDEN BA\u015eLAMALI? \u00c7evrenizdeki herkesten etkileyici ses tonunuz oldu\u011funa dair \u00f6vg\u00fcler al\u0131yorsunuz. Bizde sizinle ayn\u0131 fikirdeyiz. Ancak biz etkileyici ses tonunuz ile de\u011fil, [...]","protected":false},"author":2,"featured_media":0,"parent":0,"menu_order":0,"comment_status":"closed","ping_status":"closed","template":"","meta":{"footnotes":""},"class_list":["post-7020","page","type-page","status-publish","hentry"],"_links":{"self":[{"href":"https:\/\/tasima.bibersa.com\/en\/wp-json\/wp\/v2\/pages\/7020","targetHints":{"allow":["GET"]}}],"collection":[{"href":"https:\/\/tasima.bibersa.com\/en\/wp-json\/wp\/v2\/pages"}],"about":[{"href":"https:\/\/tasima.bibersa.com\/en\/wp-json\/wp\/v2\/types\/page"}],"author":[{"embeddable":true,"href":"https:\/\/tasima.bibersa.com\/en\/wp-json\/wp\/v2\/users\/2"}],"replies":[{"embeddable":true,"href":"https:\/\/tasima.bibersa.com\/en\/wp-json\/wp\/v2\/comments?post=7020"}],"version-history":[{"count":0,"href":"https:\/\/tasima.bibersa.com\/en\/wp-json\/wp\/v2\/pages\/7020\/revisions"}],"wp:attachment":[{"href":"https:\/\/tasima.bibersa.com\/en\/wp-json\/wp\/v2\/media?parent=7020"}],"curies":[{"name":"wp","href":"https:\/\/api.w.org\/{rel}","templated":true}]}}