{"id":152,"date":"2012-07-06T09:23:45","date_gmt":"2012-07-06T09:23:45","guid":{"rendered":"https:\/\/bibersa.com.tr\/?page_id=152"},"modified":"2024-04-03T20:51:05","modified_gmt":"2024-04-03T17:51:05","slug":"iletisim","status":"publish","type":"page","link":"https:\/\/tasima.bibersa.com\/en\/contact\/","title":{"rendered":"Contact"},"content":{"rendered":"<div class=\"wpb-content-wrapper\"><div data-vc-full-width=\"true\" data-vc-full-width-init=\"false\" data-vc-parallax=\"1.5\" data-vc-parallax-image=\"https:\/\/tasima.bibersa.com\/wp-content\/uploads\/2022\/10\/bibersa-header-new.png\" class=\"vc_row wpb_row row top-row vc_custom_1665003484871 vc_row-has-fill vc_general vc_parallax vc_parallax-content-moving\"><div class=\"vc_column_container col-md-8\"><div class=\"wpb_wrapper vc_column-inner\"><div class=\"page-top page-header-6   wpb_custom_1cd718fbd1e11b9d3e23db9181abe86d\" data-appear-animation=\"fadeInUp\" data-appear-animation-delay=\"200\"><style>.page-top { background: none; border-bottom: none; } .page-top .page-title:not(.b-none):after { display: none; }.page-top .breadcrumbs-wrap { color: #ffffff}.page-top .breadcrumbs-wrap a { color: #ffffff }.page-top .page-title {color: #ffffff;font-size: 3.5em;margin-bottom: 15px;}.page-top .page-sub-title { color: #ffffff }<\/style><div class=\"container\">\r\n\t<div class=\"row\">\r\n\t\t<div class=\"col-lg-12 clearfix\">\r\n\t\t\t<div class=\"pt-right\">\r\n\t\t\t\t\t\t\t\t<h1 class=\"page-title b-none\"><\/h1>\r\n\t\t\t\t\t\t\t\t\t<p class=\"page-sub-title\">In local business, they are radio advertisements prepared to be broadcast only on Turkish radios, and in the content of this service, advertisement production service is provided by BiberSA Production Voice Over &amp; Dubbing Agency. All production needs such as advertising copy writing, voiceover and sound design are offered to our customers within this service.<\/p>\r\n\t\t\t\t\t\t\t<\/div>\r\n\t\t\t\t\t\t\t<div class=\"breadcrumbs-wrap pt-left breadcrumbs-with-subtitle\">\r\n\t\t\t\t\t<ul class=\"breadcrumb\"><li class=\"home\"><a  href=\"https:\/\/tasima.bibersa.com\/en\" title=\"Go to Home Page\"><span >Home<\/span><\/a><i class=\"delimiter delimiter-2\"><\/i><\/li><\/ul>\t\t\t\t<\/div>\r\n\t\t\t\t\t\t\t\t<\/div>\r\n\t<\/div>\r\n<\/div>\r\n<\/div><div class=\"vc_btn3-container vc_btn3-inline vc_custom_1665003182679 vc_do_btn\" >\r\n\t<a class=\"vc_btn3 vc_btn3-shape-rounded wpb_custom_6687b26f39488ddbb85ddb3c1ce8e111 vc_btn3-icon-right btn btn-borders btn-xl btn-success\" href=\"https:\/\/tasima.bibersa.com\/en\/contact\/\" title=\"Contact\">Contact <i class=\"vc_btn3-icon fas fa-chevron-right\"><\/i><\/a>\t<\/div>\r\n<\/div><\/div><div class=\"vc_column_container col-md-4\"><div class=\"wpb_wrapper vc_column-inner\"><\/div><\/div><\/div><div class=\"vc_row-full-width vc_clearfix\"><\/div><div class=\"vc_row wpb_row row top-row\"><div class=\"vc_column_container col-md-12\"><div class=\"wpb_wrapper vc_column-inner\"><h1  class=\"vc_custom_heading vc_do_custom_heading vc_custom_1659545992175 wpb_custom_aa365bd5046e8294520b4e73732b9d15 align-left\" >OUR CONTACT INFORMATION<\/h1><div class=\"porto-separator\"><hr class=\"separator-line  vc_custom_1659546011908 wpb_content_element align_left\" style=\"background-image: -webkit-linear-gradient(left, #dd3333, transparent); background-image: linear-gradient(to right, #dd3333, transparent);height:4px;\"><\/div>\r\n\t<div class=\"wpb_text_column wpb_content_element vc_custom_1665066618544 wpb_custom_7c91d232724f73626cc933bd95b25ff0\" >\r\n\t\t<div class=\"wpb_wrapper\">\r\n\t\t\t<p><a href=\"https:\/\/goo.gl\/maps\/TTBXyYoLqtL2\" target=\"_blank\" rel=\"noopener noreferrer\"><img loading=\"lazy\" decoding=\"async\" class=\"size-large wp-image-12163 alignnone\" src=\"https:\/\/bibersa.s3.eu-central-1.amazonaws.com\/2022\/10\/bibersa-harita.png\" alt=\"BiberSA Production - Google Maps\" width=\"1140\" height=\"350\" title=\"\"><\/a><\/p>\n\r\n\t\t<\/div>\r\n\t<\/div>\r\n<\/div><\/div><\/div><div class=\"vc_row wpb_row top-row porto-inner-container\"><div class=\"porto-wrap-container container\"><div class=\"row\"><div class=\"vc_column_container col-md-8\"><div class=\"wpb_wrapper vc_column-inner\">\r\n\t<div class=\"wpb_text_column wpb_content_element wpb_custom_7c91d232724f73626cc933bd95b25ff0\" >\r\n\t\t<div class=\"wpb_wrapper\">\r\n\t\t\t<p><span style=\"color: #d91f31; font-size: 25px;\">Office and Contact <strong>Our Information:<\/strong><\/span><\/p>\n\r\n\t\t<\/div>\r\n\t<\/div>\r\n\r\n\t<div class=\"wpb_text_column wpb_content_element wpb_custom_7c91d232724f73626cc933bd95b25ff0\" >\r\n\t\t<div class=\"wpb_wrapper\">\r\n\t\t\t<p><a href=\"https:\/\/maps.app.goo.gl\/422jHzS72qJ9bMUk8\" title=\"BiberSA Address\" target=\"_blank\" rel=\"noopener\"><\/p>\n<ul class=\"list list-icons list-icons-style-3 list-secondary\">\n<li><i class=\"far fa-dot-circle\"><\/i><strong>Address:<\/strong> Fulya Mah. Ortaklar Cad. Ak\u0131nc\u0131 Bay\u0131r\u0131 Sok. Star Apt. No:7 D:14 34394 Sisli\/Istanbul<\/li>\n<p><\/a><\/ul>\n<ul class=\"list list-icons list-icons-style-3 list-secondary\">\n<li><i class=\"fa fa-phone\"><\/i><strong>Phone:<\/strong>\u00a0<a href=\"tel:02122886301\">+90 212 288 63 01<\/a>\u00a0|\u00a0<a href=\"tel:05052412327\">+90 505 241 23 27<\/a><\/li>\n<\/ul>\n<ul class=\"list list-icons list-icons-style-3 list-secondary\">\n<li><i class=\"fa fa-envelope\"><\/i><strong>E-mail:<\/strong>\u00a0<a href=\"mailto:bilgi@bibersa.com\">bilgi@bibersa.com <\/a><\/li>\n<\/ul>\n\r\n\t\t<\/div>\r\n\t<\/div>\r\n<\/div><\/div><div class=\"vc_column_container col-md-4\"><div class=\"wpb_wrapper vc_column-inner\">\r\n\t<div class=\"wpb_text_column wpb_content_element wpb_custom_7c91d232724f73626cc933bd95b25ff0\" >\r\n\t\t<div class=\"wpb_wrapper\">\r\n\t\t\t<p><span style=\"color: #d91f31; font-size: 25px;\">Working <strong>Hours:<\/strong><\/span><\/p>\n\r\n\t\t<\/div>\r\n\t<\/div>\r\n\r\n\t<div class=\"wpb_text_column wpb_content_element wpb_custom_7c91d232724f73626cc933bd95b25ff0\" >\r\n\t\t<div class=\"wpb_wrapper\">\r\n\t\t\t<ul class=\"list list-icons list-icons-style-3 list-secondary\">\n<li><i class=\"far fa-clock\"><\/i> Monday \u2013 Friday (09:00 \u2013 19:00)<\/li>\n<\/ul>\n<ul class=\"list list-icons list-icons-style-3 list-secondary\">\n<li><i class=\"far fa-clock\"><\/i> Saturday (09:00 \u2013 16:00)<\/li>\n<\/ul>\n<ul class=\"list list-icons list-icons-style-3 list-secondary\">\n<li><i class=\"far fa-clock\"><\/i> Sunday and Public Holidays \u2013 Closed<\/li>\n<\/ul>\n\r\n\t\t<\/div>\r\n\t<\/div>\r\n<\/div><\/div><\/div><\/div><\/div>\n<\/div>","protected":false},"excerpt":{"rendered":"Yerel i\u015flerde sadece T\u00fcrkiye radyolar\u0131nda yay\u0131nlanmak \u00fczere haz\u0131rlanan radyo reklamlar\u0131d\u0131r ve BiberSA Prod\u00fcksiyon Seslendirme &amp; Dublaj Ajans\u0131 taraf\u0131ndan, bu hizmetin i\u00e7eri\u011finde sadece radyolarda yay\u0131nlanacak reklam \u00fcretim hizmeti verilmektedir. Reklam metinleri yaz\u0131m\u0131, seslendirme ve ses tasar\u0131m\u0131 gibi t\u00fcm prod\u00fcksiyon ihtiyac\u0131 bu hizmetimizin i\u00e7erisinde m\u00fc\u015fterilerimize sunulmaktad\u0131r. Home \u0130leti\u015fim \u0130LET\u0130\u015e\u0130M B\u0130LG\u0130LER\u0130M\u0130Z Ofis ve \u0130leti\u015fim Bilgilerimiz: Adres: Fulya Mah. [...]","protected":false},"author":2,"featured_media":0,"parent":0,"menu_order":0,"comment_status":"closed","ping_status":"closed","template":"","meta":{"footnotes":""},"class_list":["post-152","page","type-page","status-publish","hentry"],"_links":{"self":[{"href":"https:\/\/tasima.bibersa.com\/en\/wp-json\/wp\/v2\/pages\/152","targetHints":{"allow":["GET"]}}],"collection":[{"href":"https:\/\/tasima.bibersa.com\/en\/wp-json\/wp\/v2\/pages"}],"about":[{"href":"https:\/\/tasima.bibersa.com\/en\/wp-json\/wp\/v2\/types\/page"}],"author":[{"embeddable":true,"href":"https:\/\/tasima.bibersa.com\/en\/wp-json\/wp\/v2\/users\/2"}],"replies":[{"embeddable":true,"href":"https:\/\/tasima.bibersa.com\/en\/wp-json\/wp\/v2\/comments?post=152"}],"version-history":[{"count":0,"href":"https:\/\/tasima.bibersa.com\/en\/wp-json\/wp\/v2\/pages\/152\/revisions"}],"wp:attachment":[{"href":"https:\/\/tasima.bibersa.com\/en\/wp-json\/wp\/v2\/media?parent=152"}],"curies":[{"name":"wp","href":"https:\/\/api.w.org\/{rel}","templated":true}]}}