{"id":144,"date":"2015-05-05T09:23:00","date_gmt":"2015-05-05T09:23:00","guid":{"rendered":"https:\/\/bibersa.com.tr\/?page_id=144"},"modified":"2022-08-08T11:35:22","modified_gmt":"2022-08-08T08:35:22","slug":"reklam-film-yapim","status":"publish","type":"page","link":"https:\/\/tasima.bibersa.com\/en\/commercial-production\/","title":{"rendered":"Advertising Film Production"},"content":{"rendered":"<div class=\"wpb-content-wrapper\"><div class=\"vc_row wpb_row row top-row vc_column-gap-3\"><div class=\"vc_column_container col-md-12\"><div class=\"wpb_wrapper vc_column-inner\"><h2 style=\"font-size: 40px\" class=\"vc_custom_heading vc_do_custom_heading vc_custom_1659947699352 wpb_custom_aa365bd5046e8294520b4e73732b9d15 align-left text-uppercase\" >Reklam Filmi \u0130htiyac\u0131n\u0131z m\u0131 var?<\/h2><div class=\"porto-separator  \"><hr class=\"separator-line  vc_custom_1659546038880 wpb_content_element align_left\" style=\"background-image: -webkit-linear-gradient(left, #dd3333, transparent); background-image: linear-gradient(to right, #dd3333, transparent);height:4px;\"><\/div>\r\n\t<div class=\"wpb_text_column wpb_content_element wpb_custom_7c91d232724f73626cc933bd95b25ff0\" >\r\n\t\t<div class=\"wpb_wrapper\">\r\n\t\t\t<p><span style=\"font-weight: 400;\">Potansiyel m\u00fc\u015fterilerinize ve hedef kitlenize ula\u015fman\u0131n isabetli yolu iyi bir brief al\u0131nm\u0131\u015f, o brief\u2019e g\u00f6re iyi bir senaryo yaz\u0131lm\u0131\u015f, profesyonel bir ekip ile reklam film \u00e7ekimi yap\u0131lm\u0131\u015f ve \u00e7ok iyi bir post prod\u00fcksiyon ile color, kurgu ve montaj\u0131 tamamlanm\u0131\u015f bir reklam filmi yap\u0131m\u0131ndan ge\u00e7iyor. BiberSA Prod\u00fckisyon reklam film yap\u0131m s\u00fcrecinde t\u00fcm bu etaplar\u0131 profesyonel ekibiyle siz de\u011ferli m\u00fc\u015fterilerine sunuyor. Reklam film yap\u0131m i\u00e7in brief, \u00e7ekim, post ve final s\u00fcrecine kadar t\u00fcm a\u015famalar\u0131 profesyonel ekibimiz taraf\u0131ndan b\u00fcy\u00fck bir \u00f6zveri ile haz\u0131rlan\u0131yor.<\/span><\/p>\n<p><span style=\"font-weight: 400;\">Reklam film yap\u0131m\u0131nda en \u00f6nemli hamle \u00e7ok iyi bir fikir. Kreatif d\u00fc\u015f\u00fcnen metin yazarlar\u0131m\u0131z al\u0131nan brief&#8217;ler do\u011frultusunda bol alternatifli reklam senaryolar\u0131 olu\u015fturup be\u011feninize sunuyor. Se\u00e7ti\u011finiz senaryo ve fikir \u00fczerinden ileri teknoloji \u00e7ekim ekipmanlar\u0131yla reklam film \u00e7ekimleri yap\u0131l\u0131yor. Post prod\u00fcksiyon a\u015famas\u0131nda ise her biri kendi personellerimiz ile color grading, color correction, kurgu ve montaj yap\u0131l\u0131p pilot seslendirme ile be\u011feninize sunuluyor. 2D &amp; 3D Animasyon, Pre Roll Video, Case Study, Live Action, Motion Graphic, Storyboard, Reklam Filmi, Etkinlik Videolar\u0131 vb. gibi daha bir\u00e7ok g\u00f6rsel i\u00e7erik \u00fcretimiyle marka, \u00fcr\u00fcn ve hizmetinize g\u00fc\u00e7 kat\u0131yoruz. Bu s\u00fcre\u00e7ler sonras\u0131nda profesyonel ses cast&#8217;\u0131m\u0131zla reklam filmlerinizi profesyonel <a href=\"https:\/\/tasima.bibersa.com\">seslendirme<\/a> sanat\u00e7\u0131lar\u0131yla seslendiriyoruz.<\/span><\/p>\n<p><span style=\"font-weight: 400;\">Projeleriniz de bizimle i\u015f ortakl\u0131\u011f\u0131 yapmak isterseniz, <a href=\"https:\/\/tasima.bibersa.com\/iletisim\/\">ileti\u015fim<\/a> sayfam\u0131zdan santrale tak\u0131lmadan do\u011frudan m\u00fc\u015fteri temsilcimiz ile g\u00f6r\u00fc\u015ferek teklif isteyebilirsiniz.<\/span><\/p>\n\r\n\t\t<\/div>\r\n\t<\/div>\r\n<div class=\"vc_btn3-container vc_btn3-center vc_custom_1659536149277 vc_do_btn\" >\r\n\t<button class=\"vc_btn3 vc_btn3-shape-round vc_btn3-block wpb_custom_6687b26f39488ddbb85ddb3c1ce8e111 vc_btn3-icon-left btn btn-borders btn-xl btn-success\"><i class=\"vc_btn3-icon vc-material vc-material-phone_in_talk\"><\/i> B\u0130Z\u0130MLE \u0130LET\u0130\u015e\u0130ME GE\u00c7\u0130N<\/button>\t<\/div>\r\n<\/div><\/div><\/div><div class=\"vc_row wpb_row row top-row\"><div class=\"vc_column_container col-md-12\"><div class=\"wpb_wrapper vc_column-inner\"><h2  class=\"vc_custom_heading vc_do_custom_heading vc_custom_1659536176515 wpb_custom_aa365bd5046e8294520b4e73732b9d15 align-left\" >REKLAM F\u0130LM\u0130 PROJELER\u0130M\u0130Z<\/h2>[sbvcytc layout=&#8221;fitrows&#8221; results_per_page=&#8221;20&#8243; title_color=&#8221;#0a0002&#8243; title_hover_color=&#8221;#d10020&#8243; title_font_size=&#8221;15&#8243; title_font_weight=&#8221;700&#8243; enable_description=&#8221;&#8221; enable_hd_tag=&#8221;&#8221; enable_video_length=&#8221;&#8221; enable_video_views=&#8221;&#8221; enable_video_likes=&#8221;&#8221; enable_video_post_time=&#8221;&#8221; enable_social_sharing=&#8221;&#8221; load_more_text=&#8221;Daha Fazla Y\u00fckle&#8221; preview_related=&#8221;&#8221; enable_carousel=&#8221;&#8221; channel_id=&#8221;UCan_C30geoEusU-rUTljglQ&#8221; playlist_id=&#8221;PLx0hHbhoUBKd3cs3zuNjdBKMrNZrPCNL-&#8221; user_id=&#8221;bibersa&#8221;]<\/div><\/div><\/div><div class=\"vc_row wpb_row row top-row\"><div class=\"vc_column_container col-md-12\"><div class=\"wpb_wrapper vc_column-inner\"><h2  class=\"vc_custom_heading vc_do_custom_heading vc_custom_1659542846122 wpb_custom_aa365bd5046e8294520b4e73732b9d15 align-left\" >TANITIM F\u0130LM\u0130 PROJELER\u0130M\u0130Z<\/h2>[sbvcytc layout=&#8221;fitrows&#8221; results_per_page=&#8221;20&#8243; title_color=&#8221;#0a0002&#8243; title_hover_color=&#8221;#d10020&#8243; title_font_size=&#8221;15&#8243; title_font_weight=&#8221;700&#8243; enable_description=&#8221;&#8221; enable_hd_tag=&#8221;&#8221; enable_video_length=&#8221;&#8221; enable_video_views=&#8221;&#8221; enable_video_likes=&#8221;&#8221; enable_video_post_time=&#8221;&#8221; enable_social_sharing=&#8221;&#8221; load_more_text=&#8221;Daha Fazla Y\u00fckle&#8221; preview_related=&#8221;&#8221; enable_carousel=&#8221;&#8221; channel_id=&#8221;UCan_C30geoEusU-rUTljglQ&#8221; playlist_id=&#8221;PLx0hHbhoUBKcV_8puNeRe8pUbm9qEiApc&#8221; user_id=&#8221;bibersa&#8221;]<\/div><\/div><\/div><div class=\"vc_row wpb_row row top-row\"><div class=\"vc_column_container col-md-12\"><div class=\"wpb_wrapper vc_column-inner\"><h4  class=\"vc_custom_heading vc_do_custom_heading wpb_custom_aa365bd5046e8294520b4e73732b9d15 align-left text-uppercase\" >S\u0131k\u00e7a Sorulan Sorular<\/h4><div class=\"porto-toggles wpb_content_element  toggle-sm\"><section class=\"vc_do_toggle toggle  \"><label>REKLAM F\u0130LM\u0130 NASIL HAZIRLANIYOR?<\/label><div class=\"toggle-content\"><p><span style=\"font-weight: 400;\">Reklam film yap\u0131m, bir \u00fcr\u00fcn ya da firma profili i\u00e7in haz\u0131rlanan pazarlama faaliyetlerinden biridir. Reklam filmi \u00e7ekimi dedi\u011fimizde asl\u0131nda hedef kitle &#8211; pazar de\u011ferlendirmeleri, senaryo olu\u015fturulmas\u0131, jingle m\u00fczik ve efekt \u00e7al\u0131\u015fmalar\u0131, cast se\u00e7imi, \u00f6n haz\u0131rl\u0131k (pre production), \u00e7ekim s\u00fcreci (production), post prod\u00fcksiyon gibi detayl\u0131 bir s\u00fcre\u00e7ten bahsediyoruz. \u201cReklam filmi yap\u0131m hizmetleri\u201d veya \u201creklam filmi \u00e7ekimi\u201d isimlendirmeleriyle medya \u00fcretimi sekt\u00f6r\u00fcnde kullan\u0131lan bu faaliyet son zamanlarda \u201cg\u00f6rsel i\u00e7erik \u00fcretim\u201d ba\u015fl\u0131\u011f\u0131 alt\u0131nda da kullan\u0131lmaya ba\u015flanm\u0131\u015ft\u0131r.<\/span><\/p>\n<p><span style=\"font-weight: 400;\">BiberSA Prod\u00fcksiyon olarak \u201creklam filmi yap\u0131m\u201d ve \u201cpost prod\u00fcksiyon\u201d hizmetlerini butik olarak y\u00fcr\u00fctmekteyiz. Reklam filmi yap\u0131m\u0131 hizmetinin t\u00fcm s\u00fcre\u00e7lerinde projeyi ele alarak, reklam filmi metin yazarl\u0131\u011f\u0131 veya senaryo, story board (hikayenin \u00e7izimi) , seslendirme, post prod\u00fcksiyon gibi masada tamamlanan, sanat y\u00f6netmenli\u011fi, g\u00f6r\u00fcnt\u00fc y\u00f6netmenli\u011fi, makyaj ve ekipman temini gibi sahada yap\u0131lan i\u015flerine kadar tamam\u0131n\u0131 y\u00fcr\u00fct\u00fcyoruz.<\/span><\/p>\n<p><span style=\"font-weight: 400;\">Reklam filmi yap\u0131m hizmetinin en \u00f6nemli mihenk ta\u015f\u0131n\u0131 \u2018fikir\u2019 olu\u015fturuyor. \u0130yi fikir her zaman \u00e7ok kazand\u0131r\u0131yor. Bunun yan\u0131nda reklam filmi prod\u00fcksiyonunun en \u00f6nemli unsurlar\u0131ndan bir di\u011fer \u00f6nemli hizmet ise seslendirme. Ses se\u00e7imi reklam filminin adeta kaderini belirliyor.<\/span><\/p>\n<\/div><\/section><section class=\"vc_do_toggle toggle  \"><label>REKLAM F\u0130LM\u0130 \u00c7EK\u0130M S\u00dcREC\u0130 NASIL \u0130\u015eL\u0130YOR?<\/label><div class=\"toggle-content\"><p><span style=\"font-weight: 400;\">Reklam filmi \u00e7ekimleri sahada, st\u00fcdyoda veya platolarda yap\u0131l\u0131r ve t\u00fcm bu alanlar \u201cmek\u00e2n\u201d olarak adland\u0131r\u0131l\u0131r. Mek\u00e2n tayini senaryoya g\u00f6re yap\u0131lmaktad\u0131r. Kiralama yap\u0131lan mek\u00e2nda \u00f6ncelikle reklam filminin konseptine g\u00f6re \u0131\u015f\u0131k ayarlamas\u0131 yap\u0131l\u0131r. Pilot \u00e7ekimler ve yine \u0131\u015f\u0131k ayarlamas\u0131n\u0131n ard\u0131ndan senaryo do\u011frultusunda reklam filmi \u00e7ekimi tamamlanmaktad\u0131r. \u00c7ekim s\u00fcrecinin i\u00e7erisinde makyaj, sesli \u00e7ekim, \u0131\u015f\u0131k, kameralar ve di\u011fer st\u00fcdyo ekipmanlar\u0131 yer al\u0131r. \u00c7ekim s\u00fcreci mutlaka foto\u011fraf veya video kayd\u0131 yapmak suretiyle ilerlemelidir. \u00c7ekim s\u00fcreci i\u00e7erisinde backstage\u00a0 (sahne arkas\u0131) dedi\u011fimiz reklam filmi \u00e7ekim s\u00fcrecinin hikayesinin yer ald\u0131\u011f\u0131 \u00e7ekimde yap\u0131lmaktad\u0131r ve bu s\u00fcrece dahil \u00e7ekimlerdendir.<\/span><\/p>\n<p><span style=\"font-weight: 400;\">BiberSA Prod\u00fcksiyon olarak reklam filmi \u00e7ekim s\u00fcrecini en iyi \u015fekilde y\u00f6neterek m\u00fc\u015fterilerimize kaliteli hizmet sunabilmek i\u00e7in en iyi ekip, en iyi ekipman mant\u0131\u011f\u0131n\u0131 d\u00fcstur edinerek, projeleri bu do\u011frultuda y\u00f6netiyoruz.<\/span><\/p>\n<\/div><\/section><section class=\"vc_do_toggle toggle  \"><label>POST PROD\u00dcKS\u0130YON S\u00dcREC\u0130 NASIL \u0130\u015eL\u0130YOR<\/label><div class=\"toggle-content\"><p><span style=\"font-weight: 400;\">Reklam filmi \u00e7ekim s\u00fcrecinden sonraki a\u015fama post prod\u00fcksiyon a\u015famas\u0131d\u0131r. Neden \u2018post\u2019? \u00c7\u00fcnk\u00fc bu s\u00fcre\u00e7 revizelerin bol oldu\u011fu bir s\u00fcre\u00e7tir ve s\u00fcrekli filmle ilgili sahneler m\u00fc\u015fteriye post edilir. Post prod\u00fcksiyon s\u00fcre\u00e7lerinin t\u00fcm\u00fc masa ba\u015f\u0131nda y\u00f6netilir. Masa ba\u015f\u0131nda \u00e7e\u015fitli video edit programlar\u0131yla reklam filminin kurgu, color correction, color grading ve montaj s\u00fcre\u00e7leri y\u00f6netilir. Bu s\u00fcre\u00e7lerin tamam\u0131na post prod\u00fcksiyon diyoruz.<\/span><\/p>\n<p><span style=\"font-weight: 400;\">BiberSA Prod\u00fcksiyon olarak post prod\u00fcksiyon a\u015famas\u0131nda T\u00fcrkiye\u2019nin en iyi teknik ekibine sahibiz. Bu sayede i\u015finizi s\u00f6z verdi\u011fimiz zamanda teslim ediyoruz ve s\u0131n\u0131rs\u0131z revizyon deste\u011fi sa\u011fl\u0131yoruz.<\/span><\/p>\n<\/div><\/section><section class=\"vc_do_toggle toggle  \"><label>REKLAM F\u0130LM\u0130 YAPIM F\u0130YATLARI NEYE G\u00d6RE BEL\u0130RLEN\u0130YOR?<\/label><div class=\"toggle-content\"><p><span style=\"font-weight: 400;\">Reklam filmi yap\u0131m hizmetini olu\u015fturan bir\u00e7ok ek hizmet oldu\u011fundan reklam filmleri fiyatlar\u0131ndan kesin olarak bahsedilemez. Reklam verenin veya senaristin kafas\u0131ndaki hayale g\u00f6re b\u00fct\u00e7e \u00e7al\u0131\u015fmas\u0131 yap\u0131l\u0131r. Reklam filmi yap\u0131mlar\u0131nda genellikle senaryo belirlendikten ve storyboard (hikaye \u00e7izimi) \u00e7al\u0131\u015fmas\u0131 yap\u0131ld\u0131ktan sonra kesin b\u00fct\u00e7e ortaya \u00e7\u0131kar.<\/span><\/p>\n<p><span style=\"font-weight: 400;\">B\u00fct\u00e7e \u00e7al\u0131\u015fmas\u0131 yap\u0131l\u0131rken m\u00fc\u015fteriyle \u015fu anket yap\u0131l\u0131r ;<\/span><\/p>\n<ol>\n<li><span style=\"font-weight: 400;\">Reklam filminizi hangi mecrada yay\u0131nlamay\u0131 d\u00fc\u015f\u00fcn\u00fcyorsunuz?<\/span><\/li>\n<li><span style=\"font-weight: 400;\">Reklam filminizde sadece foto\u011fraf g\u00f6rsellerini mi kullanmak istiyorsunuz?<\/span><\/li>\n<li><span style=\"font-weight: 400;\">Reklam filminizde sadece ger\u00e7ek video g\u00f6r\u00fcnt\u00fclerimi kullanmak istiyorsunuz?<\/span><\/li>\n<li><span style=\"font-weight: 400;\">Reklam filminizde oyuncu, sunucu, akt\u00f6r gibi cast gerektiren ger\u00e7ek ki\u015filer kullanmak istiyor musunuz?<\/span><\/li>\n<li><span style=\"font-weight: 400;\">L\u00fctfen markan\u0131z ile ilgili detayl\u0131 brief verebilir misiniz?<\/span><\/li>\n<li><span style=\"font-weight: 400;\">Markan\u0131z\u0131n, hizmetinizin veya \u00fcr\u00fcn\u00fcn\u00fcz\u00fcn neyinin \u00f6n plana \u00e7\u0131kmas\u0131n\u0131 istiyorsunuz?<\/span><\/li>\n<li><span style=\"font-weight: 400;\">Daha \u00f6nce izledi\u011finiz \u00e7ok be\u011fendim dedi\u011finiz reklam filmlerinin ilk \u00fc\u00e7 tanesini s\u0131ralar m\u0131s\u0131n\u0131z?<\/span><\/li>\n<\/ol>\n<p><span style=\"font-weight: 400;\">Bu sorular, haz\u0131rlanan anket sorular\u0131ndan sadece birka\u00e7\u0131n\u0131 olu\u015fturuyor. Sorular do\u011frultusunda m\u00fc\u015fterinin kafas\u0131nda nas\u0131l bir reklam filmi modeli yatt\u0131\u011f\u0131n\u0131n t\u00fcyolar\u0131n\u0131 \u00f6\u011frenmi\u015f oluyoruz ve ona g\u00f6re \u015fekillenecek proje s\u00fcreci \u00fczerinden fiyat \u00e7al\u0131\u015fmas\u0131 yapabiliyoruz.<\/span><\/p>\n<\/div><\/section><section class=\"vc_do_toggle toggle  \"><label>REKLAM F\u0130LM\u0130 SESLEND\u0130RME VE SESL\u0130 \u00c7EK\u0130M\u0130 NASIL YAPILIYOR?<\/label><div class=\"toggle-content\"><p><span style=\"font-weight: 400;\">Reklam filmlerinde, senaryoda konu\u015fmac\u0131lar, oyun veya diyalog varsa iki se\u00e7ene\u011fimiz var; Birincisi reklam filmi \u00e7ekimi esnas\u0131nda shot gone mikrofon ile ses kayd\u0131 almak. \u0130kincisi ise kameran\u0131n dahili ses kaydedicisi veya harici bir ses kaydedici ile pilot ses kayd\u0131 yap\u0131p daha sonra kurgu ve montaj bitti\u011finde st\u00fcdyo ortam\u0131nda dublaj yapmak. Asl\u0131nda ikincisi diyaloglar uzun oldu\u011funda \u00e7ok tercih edilen bir durum de\u011fil. Yine de reklam filmlerinin 0 &#8211; 60 saniye aral\u0131\u011f\u0131nda oldu\u011fu bilindi\u011finden \u00e7ekim, kurgu, montaj sonras\u0131nda diyalog kay\u0131tlar\u0131n\u0131n st\u00fcdyo ortam\u0131nda al\u0131nmas\u0131 tercih ediliyor. Reklam filmi \u00e7ekimi esnas\u0131nda yap\u0131lmayan sesli \u00e7ekim daha sonra st\u00fcdyoya girilerek dublaj yap\u0131l\u0131yor. Tabi burada reklam filmi \u00e7ekimi s\u0131ras\u0131nda oyun, diyalog ve r\u00f6portaj gibi aksiyonlar\u0131n ses kayd\u0131ndan bahsediyoruz. Reklamda d\u0131\u015f ses, voice over, anlat\u0131c\u0131, vokal gibi harici sesler varsa onlar\u0131n reklam filmi \u00e7ekimi s\u0131ras\u0131nda al\u0131nmas\u0131na gerek yoktur. Profesyonel seslendirme st\u00fcdyosunda kaydedilebilir.<\/span><\/p>\n<\/div><\/section><section class=\"vc_do_toggle toggle  \"><label>TEKNOLOJ\u0130M\u0130Z VE EK\u0130PMANLARIMIZ<\/label><div class=\"toggle-content\"><p><span style=\"font-weight: 400;\">Reklam filmi \u00e7ekimlerinde D\u00fcnya\u2019n\u0131n en iyi teknolojisini kullan\u0131yoruz. Genellikle k\u00fc\u00e7\u00fck \u00e7apl\u0131 prod\u00fcksiyonlarda kendi ekipmanlar\u0131m\u0131z ile b\u00fcy\u00fck \u00e7apl\u0131 prod\u00fcksiyonlarda ise \u00e7\u00f6z\u00fcm ortaklar\u0131m\u0131zdan teknoloji kiralayarak \u00e7al\u0131\u015fmalar\u0131m\u0131z\u0131 s\u00fcrd\u00fcr\u00fcyoruz.<\/span><\/p>\n<p><span style=\"font-weight: 400;\">Blackmagic Pocket Cinema Camera 4K, Arri Alexa Mini, Carl Zeiss EF Mount 9\u2019lu Lens Seti, Alumotech Pro Film ARRI olarak 150 W + 300Wx2 + 650 W Fresnel Tungsten Spot \u0131\u015f\u0131k + 4 Stand + Softbox ekipmalar\u0131 kulland\u0131\u011f\u0131m\u0131z teknolojiden baz\u0131lar\u0131. Ses teknolojisinde Stereo Shotgun Microphone, 380mm, Raycode Windshield, Tascam DR-680MKII, Post prod\u00fcksiyon masas\u0131nda Blackmagic Design DaVinci Resolve Mini Panel, DaVinci Resolve 15, Adobe Premiere Pro yaz\u0131l\u0131mlar\u0131yla g\u00f6rsel i\u00e7eriklerde y\u00fcksek kalite sunuyoruz.<\/span><\/p>\n<\/div><\/section><\/div><\/div><\/div><\/div>\n<\/div>","protected":false},"excerpt":{"rendered":"Reklam Filmi \u0130htiyac\u0131n\u0131z m\u0131 var? Potansiyel m\u00fc\u015fterilerinize ve hedef kitlenize ula\u015fman\u0131n isabetli yolu iyi bir brief al\u0131nm\u0131\u015f, o brief\u2019e g\u00f6re iyi bir senaryo yaz\u0131lm\u0131\u015f, profesyonel bir ekip ile reklam film \u00e7ekimi yap\u0131lm\u0131\u015f ve \u00e7ok iyi bir post prod\u00fcksiyon ile color, kurgu ve montaj\u0131 tamamlanm\u0131\u015f bir reklam filmi yap\u0131m\u0131ndan ge\u00e7iyor. BiberSA Prod\u00fckisyon reklam film yap\u0131m s\u00fcrecinde [...]","protected":false},"author":2,"featured_media":0,"parent":0,"menu_order":0,"comment_status":"closed","ping_status":"closed","template":"","meta":{"footnotes":""},"class_list":["post-144","page","type-page","status-publish","hentry"],"_links":{"self":[{"href":"https:\/\/tasima.bibersa.com\/en\/wp-json\/wp\/v2\/pages\/144","targetHints":{"allow":["GET"]}}],"collection":[{"href":"https:\/\/tasima.bibersa.com\/en\/wp-json\/wp\/v2\/pages"}],"about":[{"href":"https:\/\/tasima.bibersa.com\/en\/wp-json\/wp\/v2\/types\/page"}],"author":[{"embeddable":true,"href":"https:\/\/tasima.bibersa.com\/en\/wp-json\/wp\/v2\/users\/2"}],"replies":[{"embeddable":true,"href":"https:\/\/tasima.bibersa.com\/en\/wp-json\/wp\/v2\/comments?post=144"}],"version-history":[{"count":0,"href":"https:\/\/tasima.bibersa.com\/en\/wp-json\/wp\/v2\/pages\/144\/revisions"}],"wp:attachment":[{"href":"https:\/\/tasima.bibersa.com\/en\/wp-json\/wp\/v2\/media?parent=144"}],"curies":[{"name":"wp","href":"https:\/\/api.w.org\/{rel}","templated":true}]}}