{"id":1436,"date":"2012-11-14T11:09:07","date_gmt":"2012-11-14T11:09:07","guid":{"rendered":"https:\/\/bibersa.com.tr\/?page_id=1436"},"modified":"2023-05-12T11:44:42","modified_gmt":"2023-05-12T08:44:42","slug":"magaza-anons-seslendirme","status":"publish","type":"page","link":"https:\/\/tasima.bibersa.com\/en\/in-store-announcement\/","title":{"rendered":"Store Announcement"},"content":{"rendered":"<div class=\"wpb-content-wrapper\"><div data-vc-full-width=\"true\" data-vc-full-width-init=\"false\" data-vc-parallax=\"1.5\" data-vc-parallax-image=\"https:\/\/tasima.bibersa.com\/wp-content\/uploads\/2022\/10\/magaza-anons.png\" class=\"vc_row wpb_row top-row vc_custom_1664745782877 vc_row-has-fill vc_general vc_parallax vc_parallax-content-moving porto-inner-container\"><div class=\"porto-wrap-container container\"><div class=\"row\"><div class=\"vc_column_container col-md-8 vc_custom_1543888239030\"><div class=\"wpb_wrapper vc_column-inner\"><div class=\"page-top page-header-6   wpb_custom_1cd718fbd1e11b9d3e23db9181abe86d\" data-appear-animation=\"fadeInUp\" data-appear-animation-delay=\"200\"><style>.page-top { background: none; border-bottom: none; } .page-top .page-title:not(.b-none):after { display: none; }.page-top .breadcrumbs-wrap { color: rgba(255,255,255,0.7)}.page-top .breadcrumbs-wrap a { color: #dbdbdb }.page-top .page-title {color: #ffffff;font-size: 3.5em;margin-bottom: 15px;}.page-top .page-sub-title { color: #ffffff }<\/style><div class=\"container\">\r\n\t<div class=\"row\">\r\n\t\t<div class=\"col-lg-12 clearfix\">\r\n\t\t\t<div class=\"pt-right\">\r\n\t\t\t\t\t\t\t\t<h1 class=\"page-title b-none\"><\/h1>\r\n\t\t\t\t\t\t\t\t\t<p class=\"page-sub-title\">In local business, they are radio advertisements prepared to be broadcast only on Turkish radios, and in the content of this service, advertisement production service is provided by BiberSA Production Voice Over &amp; Dubbing Agency. All production needs such as advertising copy writing, voiceover and sound design are offered to our customers within this service.<\/p>\r\n\t\t\t\t\t\t\t<\/div>\r\n\t\t\t\t\t\t\t<div class=\"breadcrumbs-wrap pt-left breadcrumbs-with-subtitle\">\r\n\t\t\t\t\t<ul class=\"breadcrumb\"><li class=\"home\"><a  href=\"https:\/\/tasima.bibersa.com\/en\" title=\"Go to Home Page\"><span >Home<\/span><\/a><i class=\"delimiter delimiter-2\"><\/i><\/li><\/ul>\t\t\t\t<\/div>\r\n\t\t\t\t\t\t\t\t<\/div>\r\n\t<\/div>\r\n<\/div>\r\n<\/div><div class=\"vc_btn3-container vc_btn3-inline vc_do_btn\" >\r\n\t<a class=\"vc_btn3 vc_btn3-shape-rounded wpb_custom_6687b26f39488ddbb85ddb3c1ce8e111 vc_btn3-icon-right btn btn-borders btn-xl btn-success\" href=\"https:\/\/tasima.bibersa.com\/en\/contact\/\" title=\"Contact\">Contact <i class=\"vc_btn3-icon fas fa-chevron-right\"><\/i><\/a>\t<\/div>\r\n<\/div><\/div><div class=\"overflow-hidden d-flex align-items-end vc_column_container col-md-4\"><div class=\"wpb_wrapper vc_column-inner\"><\/div><\/div><\/div><\/div><\/div><div class=\"vc_row-full-width vc_clearfix\"><\/div><div class=\"vc_row wpb_row row top-row\"><div class=\"vc_column_container col-md-12\"><div class=\"wpb_wrapper vc_column-inner\"><h2  class=\"vc_custom_heading vc_do_custom_heading vc_custom_1659535599900 wpb_custom_aa365bd5046e8294520b4e73732b9d15 align-left text-uppercase\" >Store Announcement Voice Over Service<\/h2><div class=\"porto-separator\"><hr class=\"separator-line  vc_custom_1659958339588 wpb_content_element align_left\" style=\"background-image: -webkit-linear-gradient(left, #dd3333, transparent); background-image: linear-gradient(to right, #dd3333, transparent);height:4px;\"><\/div>\r\n\t<div class=\"wpb_text_column wpb_content_element wpb_custom_7c91d232724f73626cc933bd95b25ff0\" >\r\n\t\t<div class=\"wpb_wrapper\">\r\n\t\t\t<p>Successful business owners or franchise managers know that creating the right environment for their business is critical to their business. The welcoming environment, or in-store announcements, can play an important role in overall customer satisfaction. According to VisionCritical (customer intelligence platform), % 76 of small retailers believe that in this way they can positively influence customers&#039; behavior. Shoppers and visitors are already in the store, so they are at least initially interested in the business. These in-store announcements also offer businesses an excellent opportunity to pursue their goals.<\/p>\n<p>With this awareness, BiberSA Agency offers store announcements as a special service to institutions that broadcast in-store music and announcements. This service includes the preparation, vocalization and design of the content of services such as campaign announcements and advertisements placed between playlists created in closed circuit music broadcasts in the store. The store announcement is created within the voice-over agency and delivered the SAME DAY.<\/p>\n<p>If you are wondering, you can visit the &quot;frequently asked questions&quot; section.<\/p>\n\r\n\t\t<\/div>\r\n\t<\/div>\r\n<div class=\"vc_btn3-container vc_btn3-center vc_custom_1659535666666 vc_do_btn\" >\r\n\t<a class=\"vc_btn3 vc_btn3-shape-round vc_btn3-block wpb_custom_6687b26f39488ddbb85ddb3c1ce8e111 vc_btn3-icon-left btn btn-borders btn-xl btn-success\" href=\"tel:00902122886301\" title=\"\"><i class=\"vc_btn3-icon vc-material vc-material-phone_in_talk\"><\/i> CONTACT US<\/a>\t<\/div>\r\n<\/div><\/div><\/div><div class=\"vc_row wpb_row row top-row\"><div class=\"vc_column_container col-md-12\"><div class=\"wpb_wrapper vc_column-inner\"><h2 class=\"word-rotator slide\" style=\"text-align:left;\" data-plugin-options=\"{'waittime': 2500, 'pauseOnHover': false}\"><span class=\"word-rotate-prefix\" style=\"\">T\u00fcrkiye&#039;<\/span> <span class=\"word-rotator-items has-bg\" style=\"color:#ffffff;background:#da2032;\"><b class=\"active\">THE MOST FAMOUS<\/b><b>PROFESSIONAL<\/b><b>THE MOST POPULAR<\/b><\/span> <span class=\"word-rotate-suffix\" style=\"\">VOICES<\/span><\/h2>\n\t<div class=\"wpb_raw_code wpb_raw_html wpb_content_element\" >\n\t\t<div class=\"wpb_wrapper\">\n\t\t\t\n            <div \n                class=\"elfsight-widget-youtube-gallery elfsight-widget\" \n                data-elfsight-youtube-gallery-options=\"%7B%22channel%22%3A%22%22%2C%22sourceGroups%22%3A%5B%7B%22name%22%3A%22Seslendirme%20Sanat%5Cu00e7%5Cu0131lar%5Cu0131%20-%20Yatay%22%2C%22sources%22%3A%5B%22https%3A%5C%2F%5C%2Fwww.youtube.com%5C%2Fplaylist%3Flist%3DPLx0hHbhoUBKcMioRVyrWoaSX8CaRECRhB%22%5D%7D%5D%2C%22headerVisible%22%3Afalse%2C%22headerLayout%22%3A%22classic%22%2C%22headerInfo%22%3A%5B%5D%2C%22headerChannelName%22%3Anull%2C%22headerChannelDescription%22%3Anull%2C%22headerChannelLogo%22%3Anull%2C%22headerChannelBanner%22%3Anull%2C%22contentColumns%22%3A4%2C%22contentRows%22%3A1%2C%22contentGutter%22%3A20%2C%22contentResponsive%22%3A%5B%7B%22minWidth%22%3A375%2C%22columns%22%3A1%2C%22rows%22%3A%222%22%2C%22gutter%22%3A%2220%22%7D%2C%7B%22minWidth%22%3A768%2C%22columns%22%3A%221%22%2C%22rows%22%3A%222%22%2C%22gutter%22%3A%2220%22%7D%5D%2C%22width%22%3A%22auto%22%2C%22videoLayout%22%3A%22classic%22%2C%22videoInfo%22%3A%5B%22playIcon%22%2C%22duration%22%2C%22title%22%5D%2C%22videoPlayMode%22%3A%22inline%22%2C%22popupInfo%22%3A%5B%22title%22%2C%22channelLogo%22%2C%22channelName%22%2C%22subscribeButton%22%2C%22viewsCounter%22%2C%22likesCounter%22%2C%22dislikesCounter%22%2C%22likesRatio%22%2C%22share%22%2C%22date%22%2C%22description%22%2C%22descriptionMoreButton%22%2C%22comments%22%5D%2C%22popupAutoplay%22%3Atrue%2C%22contentDirection%22%3A%22horizontal%22%2C%22contentArrowsControl%22%3Atrue%2C%22contentScrollControl%22%3Afalse%2C%22contentDragControl%22%3Atrue%2C%22contentPaginationControl%22%3Afalse%2C%22contentScrollbar%22%3Atrue%2C%22contentSearch%22%3Afalse%2C%22contentDivider1%22%3Anull%2C%22contentTransitionSpeed%22%3A600%2C%22contentTransitionEffect%22%3A%22slide%22%2C%22contentFreeMode%22%3Afalse%2C%22contentDivider2%22%3Anull%2C%22contentAuto%22%3A0%2C%22contentAutoPauseOnHover%22%3Afalse%2C%22colorScheme%22%3A%22custom%22%2C%22colorHeaderBg%22%3A%22rgb%28250%2C%20250%2C%20250%29%22%2C%22colorHeaderBannerOverlay%22%3A%22rgba%28255%2C%20255%2C%20255%2C%200.92%29%22%2C%22colorHeaderChannelName%22%3A%22rgb%2817%2C%2017%2C%2017%29%22%2C%22colorHeaderChannelNameHover%22%3A%22rgb%2817%2C%2017%2C%2017%29%22%2C%22colorHeaderChannelDescription%22%3A%22rgb%2817%2C%2017%2C%2017%29%22%2C%22colorHeaderAnchor%22%3A%22rgb%2817%2C%2017%2C%2017%29%22%2C%22colorHeaderAnchorHover%22%3A%22rgb%2817%2C%2017%2C%2017%29%22%2C%22colorHeaderCounters%22%3A%22rgba%2817%2C%2017%2C%2017%2C%200.7%29%22%2C%22colorGroupsBg%22%3A%22rgb%28250%2C%20250%2C%20250%29%22%2C%22colorGroupsLink%22%3A%22rgb%2817%2C%2017%2C%2017%2C%200.5%29%22%2C%22colorGroupsLinkHover%22%3A%22rgb%2817%2C%2017%2C%2017%29%22%2C%22colorGroupsLinkActive%22%3A%22rgb%2817%2C%2017%2C%2017%29%22%2C%22colorGroupsHighlightHover%22%3A%22rgb%2817%2C%2017%2C%2017%29%22%2C%22colorGroupsHighlightActive%22%3A%22rgb%2817%2C%2017%2C%2017%29%22%2C%22colorVideoBg%22%3A%22rgb%28255%2C%20255%2C%20255%29%22%2C%22colorVideoOverlay%22%3A%22rgba%28255%2C%20255%2C%20255%2C%200.95%29%22%2C%22colorVideoPlayIcon%22%3A%22rgb%28215%2C%2032%2C%2049%29%22%2C%22colorVideoPlayIconHover%22%3A%22rgb%28215%2C%2032%2C%2049%29%22%2C%22colorVideoDuration%22%3A%22rgb%28255%2C%20255%2C%20255%29%22%2C%22colorVideoDurationBg%22%3A%22rgba%2834%2C%2034%2C%2034%2C%200.81%29%22%2C%22colorVideoTitle%22%3A%22rgb%2817%2C%2017%2C%2017%29%22%2C%22colorVideoTitleHover%22%3A%22rgb%2817%2C%2017%2C%2017%29%22%2C%22colorVideoDate%22%3A%22rgba%2817%2C%2017%2C%2017%2C%200.7%29%22%2C%22colorVideoDescription%22%3A%22rgb%2817%2C%2017%2C%2017%29%22%2C%22colorVideoAnchor%22%3A%22rgb%2826%2C%20137%2C%20222%29%22%2C%22colorVideoAnchorHover%22%3A%22rgb%2847%2C%20165%2C%20255%29%22%2C%22colorVideoCounters%22%3A%22rgba%2817%2C%2017%2C%2017%2C%200.7%29%22%2C%22colorPopupBg%22%3A%22rgb%28255%2C%20255%2C%20255%29%22%2C%22colorPopupAnchor%22%3A%22rgb%2826%2C%20137%2C%20222%29%22%2C%22colorPopupAnchorHover%22%3A%22rgb%2847%2C%20165%2C%20255%29%22%2C%22colorPopupOverlay%22%3A%22rgba%280%2C%200%2C%200%2C%200.7%29%22%2C%22colorPopupTitle%22%3A%22rgb%2817%2C%2017%2C%2017%29%22%2C%22colorPopupChannelName%22%3A%22rgb%2817%2C%2017%2C%2017%29%22%2C%22colorPopupChannelNameHover%22%3A%22rgb%2817%2C%2017%2C%2017%29%22%2C%22colorPopupViewsCounter%22%3A%22rgba%2817%2C%2017%2C%2017%2C%200.7%29%22%2C%22colorPopupLikesRatio%22%3A%22rgb%2847%2C%20165%2C%20255%29%22%2C%22colorPopupDislikesRatio%22%3A%22rgb%28207%2C%20207%2C%20207%29%22%2C%22colorPopupLikesCounter%22%3A%22rgba%2817%2C%2017%2C%2017%2C%200.5%29%22%2C%22colorPopupDislikesCounter%22%3A%22rgba%2817%2C%2017%2C%2017%2C%200.5%29%22%2C%22colorPopupShare%22%3A%22rgba%2817%2C%2017%2C%2017%2C%200.5%29%22%2C%22colorPopupDate%22%3A%22rgba%2817%2C%2017%2C%2017%2C%200.7%29%22%2C%22colorPopupDescription%22%3A%22rgb%2817%2C%2017%2C%2017%29%22%2C%22colorPopupDescriptionMoreButton%22%3A%22rgba%2817%2C%2017%2C%2017%2C%200.5%29%22%2C%22colorPopupDescriptionMoreButtonHover%22%3A%22rgba%2817%2C%2017%2C%2017%2C%200.7%29%22%2C%22colorPopupCommentsUsername%22%3A%22rgb%2817%2C%2017%2C%2017%29%22%2C%22colorPopupCommentsUsernameHover%22%3A%22rgb%2817%2C%2017%2C%2017%29%22%2C%22colorPopupCommentsPassedTime%22%3A%22rgba%2817%2C%2017%2C%2017%2C%200.7%29%22%2C%22colorPopupCommentsLikes%22%3A%22rgba%2817%2C%2017%2C%2017%2C%200.5%29%22%2C%22colorPopupCommentsText%22%3A%22rgb%2817%2C%2017%2C%2017%29%22%2C%22colorPopupControls%22%3A%22rgb%28160%2C%20160%2C%20160%29%22%2C%22colorPopupControlsHover%22%3A%22rgb%28220%2C%20220%2C%20220%29%22%2C%22colorPopupControlsMobile%22%3A%22rgb%28220%2C%20220%2C%20220%29%22%2C%22colorPopupControlsMobileBg%22%3A%22rgba%28255%2C%20255%2C%20255%2C%200%29%22%2C%22colorContentBg%22%3A%22rgb%28255%2C%20255%2C%20255%29%22%2C%22colorContentArrows%22%3A%22rgb%280%2C%200%2C%200%29%22%2C%22colorContentArrowsHover%22%3A%22rgb%280%2C%200%2C%200%29%22%2C%22colorContentArrowsBg%22%3A%22rgba%28255%2C%20255%2C%20255%2C%200.8%29%22%2C%22colorContentArrowsBgHover%22%3A%22rgba%28255%2C%20255%2C%20255%2C%201%29%22%2C%22colorContentScrollbarBg%22%3A%22rgb%28204%2C%20204%2C%20204%29%22%2C%22colorContentScrollbarSliderBg%22%3A%22rgba%280%2C%200%2C%200%2C%200.4%29%22%2C%22lang%22%3A%22en%22%2C%22adsClient%22%3Anull%2C%22adsSlotsContent%22%3Anull%2C%22adsSlotsPopup%22%3Anull%2C%22noCookies%22%3Anull%2C%22key%22%3A%22AIzaSyDwZ_5JeSNCMkLX33QuJ0VtGCMsBdcMOS4%22%2C%22apiUrl%22%3A%22https%3A%5C%2F%5C%2Ftasima.bibersa.com%5C%2Fen%5C%2Fwp-json%5C%2Felfsight-youtube-gallery%5C%2Fapi%22%2C%22widgetId%22%3A%224%22%7D\" \n                data-elfsight-youtube-gallery-version=\"3.5.0\"\n                data-elfsight-widget-id=\"elfsight-youtube-gallery-4\">\n            <\/div>\n            \n\t\t<\/div>\n\t<\/div>\n<\/div><\/div><\/div><div class=\"vc_row wpb_row row top-row\"><div class=\"vc_column_container col-md-12\"><div class=\"wpb_wrapper vc_column-inner\"><h4  class=\"vc_custom_heading vc_do_custom_heading wpb_custom_aa365bd5046e8294520b4e73732b9d15 align-left text-uppercase\" >Frequently Asked Questions<\/h4><div class=\"porto-toggles wpb_content_element  toggle-sm\"><section class=\"vc_do_toggle toggle\"><label>How are store announcement voiceover prices calculated?<\/label><div class=\"toggle-content\"><p>In this service, which is specific to companies that broadcast in-store music, the pricing is for one store and one branch. Budgeting is made by including the duration of the announcement and the stamp price of the voice-over. Because of this <a href=\"https:\/\/tasima.bibersa.com\/en\/ses-bankasi\/\">from our sound bank<\/a> After we get the information of the sound you will choose, we can calculate the budget. You can answer all your questions about store announcements or dubbing. <a href=\"https:\/\/tasima.bibersa.com\/en\/contact\/\">Contact<\/a> You can contact us on our page or ask live support.<\/p>\n<\/div><\/section><section class=\"vc_do_toggle toggle\"><label>What are the types of store announcements?<\/label><div class=\"toggle-content\"><p>When determining the best way to use this marketing tool, business owners need to know what they want, what they do, or their experience. To assist this process, we can mention 4 types of announcements.<\/p>\n<ol>\n<li><strong>Informative Announcements:<\/strong> In-store advertisements are the most common type of advertisements advertised in stores. These announcements serve to keep customers up-to-date on new products, specials, and more. It is a favorite and highly effective type of announcement. Shares details about product offers and coupons with customers\u2026 and the list goes on. These announcements can be used for a marketing strategy that will change customer behavior, melt stagnant products off the shelves faster, and increase revenue. Or, these informational announcements also educate customers about new products that are used now or will be available soon.<\/li>\n<li><strong>Combine Online and Offline Experiences:<\/strong> In-store announcements can be a great way to bring the online and offline shopping experience together. Today&#039;s customers are often omnichannel. As they enter the store, they are likely to visit the website or follow the brand on social media. Why not use this natural form of shopping to your business advantage? Use an in-store announcement to encourage customers to \u201clike\u201d or \u201cfollow\u201d the brand on social media for an in-store offer. Or encourage customers to visit the website for a special coupon. Not only will the digital efforts of the business be rewarded, but also results.<\/li>\n<li><strong>Event Invitation:<\/strong> In-store announcements can be one of the best and easiest ways to spread the word about an upcoming event. For example, if the event is hosting a special visitor in the store, using the announcement method to invite customers will have a good effect. They may pass by without seeing a poster or flyer in the store, but after hearing several different announcements regarding event details, they will be much more likely to pay attention.<\/li>\n<li><strong>In-Store Only and On Demand Offers:<\/strong> Sometimes the need for a particular announcement comes up very little. For example, if a one-day-only sale isn&#039;t going well in the first few hours, it may be because customers simply see and pass the offer. However, hearing it over the speakers could be a factor in converting them and sending them to the vault. Or use public announcements to reward in-store customers with special offers. There&#039;s no limit to what an announcement can be, but the key is to be able to create a customized announcement and have it ready in no time.<\/li>\n<\/ol>\n<p>At the end of the day, the important thing should be to influence customer behavior by making messages attractive.<\/p>\n<\/div><\/section><\/div><\/div><\/div><\/div>\n<\/div>","protected":false},"excerpt":{"rendered":"Yerel i\u015flerde sadece T\u00fcrkiye radyolar\u0131nda yay\u0131nlanmak \u00fczere haz\u0131rlanan radyo reklamlar\u0131d\u0131r ve BiberSA Prod\u00fcksiyon Seslendirme &amp; Dublaj Ajans\u0131 taraf\u0131ndan, bu hizmetin i\u00e7eri\u011finde sadece radyolarda yay\u0131nlanacak reklam \u00fcretim hizmeti verilmektedir. Reklam metinleri yaz\u0131m\u0131, seslendirme ve ses tasar\u0131m\u0131 gibi t\u00fcm prod\u00fcksiyon ihtiyac\u0131 bu hizmetimizin i\u00e7erisinde m\u00fc\u015fterilerimize sunulmaktad\u0131r. Home \u0130leti\u015fim Ma\u011faza Anons Seslendirme Hizmeti Ba\u015far\u0131l\u0131 i\u015fletme sahipleri veya franchise [...]","protected":false},"author":2,"featured_media":0,"parent":0,"menu_order":0,"comment_status":"closed","ping_status":"closed","template":"","meta":{"footnotes":""},"class_list":["post-1436","page","type-page","status-publish","hentry"],"_links":{"self":[{"href":"https:\/\/tasima.bibersa.com\/en\/wp-json\/wp\/v2\/pages\/1436","targetHints":{"allow":["GET"]}}],"collection":[{"href":"https:\/\/tasima.bibersa.com\/en\/wp-json\/wp\/v2\/pages"}],"about":[{"href":"https:\/\/tasima.bibersa.com\/en\/wp-json\/wp\/v2\/types\/page"}],"author":[{"embeddable":true,"href":"https:\/\/tasima.bibersa.com\/en\/wp-json\/wp\/v2\/users\/2"}],"replies":[{"embeddable":true,"href":"https:\/\/tasima.bibersa.com\/en\/wp-json\/wp\/v2\/comments?post=1436"}],"version-history":[{"count":0,"href":"https:\/\/tasima.bibersa.com\/en\/wp-json\/wp\/v2\/pages\/1436\/revisions"}],"wp:attachment":[{"href":"https:\/\/tasima.bibersa.com\/en\/wp-json\/wp\/v2\/media?parent=1436"}],"curies":[{"name":"wp","href":"https:\/\/api.w.org\/{rel}","templated":true}]}}