{"id":1026,"date":"2012-09-12T12:44:06","date_gmt":"2012-09-12T12:44:06","guid":{"rendered":"https:\/\/bibersa.com.tr\/?page_id=1026"},"modified":"2023-05-12T11:31:00","modified_gmt":"2023-05-12T08:31:00","slug":"haber-seslendirme","status":"publish","type":"page","link":"https:\/\/tasima.bibersa.com\/en\/news-and-press-release-voiceover\/","title":{"rendered":"News Voice Over"},"content":{"rendered":"<div class=\"wpb-content-wrapper\"><div data-vc-full-width=\"true\" data-vc-full-width-init=\"false\" data-vc-parallax=\"1.5\" data-vc-parallax-image=\"https:\/\/tasima.bibersa.com\/wp-content\/uploads\/2022\/10\/haber-seslendirme.png\" class=\"vc_row wpb_row top-row vc_custom_1664745813989 vc_row-has-fill vc_general vc_parallax vc_parallax-content-moving porto-inner-container\"><div class=\"porto-wrap-container container\"><div class=\"row\"><div class=\"vc_column_container col-md-8 vc_custom_1543888239030\"><div class=\"wpb_wrapper vc_column-inner\"><div class=\"page-top page-header-6   wpb_custom_1cd718fbd1e11b9d3e23db9181abe86d\" data-appear-animation=\"fadeInUp\" data-appear-animation-delay=\"200\"><style>.page-top { background: none; border-bottom: none; } .page-top .page-title:not(.b-none):after { display: none; }.page-top .breadcrumbs-wrap { color: rgba(255,255,255,0.7)}.page-top .breadcrumbs-wrap a { color: #dbdbdb }.page-top .page-title {color: #ffffff;font-size: 3.5em;margin-bottom: 15px;}.page-top .page-sub-title { color: #ffffff }<\/style><div class=\"container\">\r\n\t<div class=\"row\">\r\n\t\t<div class=\"col-lg-12 clearfix\">\r\n\t\t\t<div class=\"pt-right\">\r\n\t\t\t\t\t\t\t\t<h1 class=\"page-title b-none\"><\/h1>\r\n\t\t\t\t\t\t\t\t\t<p class=\"page-sub-title\">In local business, they are radio advertisements prepared to be broadcast only on Turkish radios, and in the content of this service, advertisement production service is provided by BiberSA Production Voice Over &amp; Dubbing Agency. All production needs such as advertising copy writing, voiceover and sound design are offered to our customers within this service.<\/p>\r\n\t\t\t\t\t\t\t<\/div>\r\n\t\t\t\t\t\t\t<div class=\"breadcrumbs-wrap pt-left breadcrumbs-with-subtitle\">\r\n\t\t\t\t\t<ul class=\"breadcrumb\"><li class=\"home\"><a  href=\"https:\/\/tasima.bibersa.com\/en\" title=\"Go to Home Page\"><span >Home<\/span><\/a><i class=\"delimiter delimiter-2\"><\/i><\/li><\/ul>\t\t\t\t<\/div>\r\n\t\t\t\t\t\t\t\t<\/div>\r\n\t<\/div>\r\n<\/div>\r\n<\/div><div class=\"vc_btn3-container vc_btn3-inline vc_do_btn\" >\r\n\t<a class=\"vc_btn3 vc_btn3-shape-rounded wpb_custom_6687b26f39488ddbb85ddb3c1ce8e111 vc_btn3-icon-right btn btn-borders btn-xl btn-success\" href=\"https:\/\/tasima.bibersa.com\/en\/contact\/\" title=\"Contact\">Contact <i class=\"vc_btn3-icon fas fa-chevron-right\"><\/i><\/a>\t<\/div>\r\n<\/div><\/div><div class=\"overflow-hidden d-flex align-items-end vc_column_container col-md-4\"><div class=\"wpb_wrapper vc_column-inner\"><\/div><\/div><\/div><\/div><\/div><div class=\"vc_row-full-width vc_clearfix\"><\/div><div class=\"vc_row wpb_row row top-row\"><div class=\"vc_column_container col-md-12\"><div class=\"wpb_wrapper vc_column-inner\"><h2  class=\"vc_custom_heading vc_do_custom_heading vc_custom_1659533043905 wpb_custom_aa365bd5046e8294520b4e73732b9d15 align-left text-uppercase\" >Radio News<\/h2>\r\n\t<div class=\"wpb_text_column wpb_content_element wpb_custom_7c91d232724f73626cc933bd95b25ff0\" >\r\n\t\t<div class=\"wpb_wrapper\">\r\n\t\t\t<p><span style=\"font-weight: 400;\">News programs are part of our daily life. It enables us to obtain information in all areas of life, such as being aware of events around the world, following the developments in the field of science that shape our future, and watching the money markets. For this reason, it is very important that the news voiceover has the right effect on the millions it addresses.<\/span><\/p>\n<p><span style=\"font-weight: 400;\">As BiberSA Agency, we prepare radio news in the form of 6 bulletins for satellite, terrestrial and web radios broadcasting in Turkey and abroad, in our radio news voice over service. The content of radio news includes bulletins such as news from Turkey and the world agenda, money markets, sports and weather conditions. We also voice regional based &quot;local radio news&quot;.<\/span><\/p>\n<p><span style=\"font-weight: 400;\">You can choose the voice you like from our professional news announcers below or you can subscribe to the news we prepared with our standard voice. <a href=\"https:\/\/tasima.bibersa.com\/en\/voice-over-agency\/\">Voice Over Agency<\/a> Keep your listeners up to date with the news bulletins we have compiled from unbiased news sources!<\/span><\/p>\n\r\n\t\t<\/div>\r\n\t<\/div>\r\n<\/div><\/div><\/div><div class=\"vc_row wpb_row row top-row\"><div class=\"vc_column_container col-md-12\"><div class=\"wpb_wrapper vc_column-inner\"><div class=\"vc_btn3-container vc_btn3-center vc_custom_1659533061287 vc_do_btn\" >\r\n\t<a class=\"vc_btn3 vc_btn3-shape-round vc_btn3-block wpb_custom_6687b26f39488ddbb85ddb3c1ce8e111 vc_btn3-icon-left btn btn-borders btn-xl btn-success\" href=\"tel:02122886301\" title=\"\"><i class=\"vc_btn3-icon vc-material vc-material-phone_in_talk\"><\/i> CONTACT US<\/a>\t<\/div>\r\n<\/div><\/div><\/div><div class=\"vc_row wpb_row row top-row\"><div class=\"vc_column_container col-md-12\"><div class=\"wpb_wrapper vc_column-inner\"><h3  class=\"vc_custom_heading vc_do_custom_heading wpb_custom_aa365bd5046e8294520b4e73732b9d15 align-left text-uppercase\" >PERFORATED NEWS VOICE<\/h3>\r\n\t<div class=\"wpb_text_column wpb_content_element wpb_custom_7c91d232724f73626cc933bd95b25ff0\" >\r\n\t\t<div class=\"wpb_wrapper\">\r\n\t\t\t<p><span style=\"font-weight: 400;\">Perforated news is a special service for the news bulletins of national, local and regional television channels broadcasting in Turkey. In the perforated news voice-over service, the perforated television news texts you send to us between 11:00 and 18:00 are voiced by the news announcers of your choice and delivered to you in an average of 5 minutes. You can listen to the samples of the news perforated sounds on the page and choose the sound you want.<\/span><\/p>\n\r\n\t\t<\/div>\r\n\t<\/div>\r\n<\/div><\/div><\/div><div class=\"vc_row wpb_row row top-row\"><div class=\"vc_column_container col-md-12\"><div class=\"wpb_wrapper vc_column-inner\"><h3  class=\"vc_custom_heading vc_do_custom_heading wpb_custom_aa365bd5046e8294520b4e73732b9d15 align-left text-uppercase\" >Audio Newspaper<\/h3>\r\n\t<div class=\"wpb_text_column wpb_content_element wpb_custom_7c91d232724f73626cc933bd95b25ff0\" >\r\n\t\t<div class=\"wpb_wrapper\">\r\n\t\t\t<p><span style=\"font-weight: 400;\">Our service called \u201cVoice Newspaper\u201d aims to bring you the news reflected on the front pages of daily newspapers. The audio newspaper, which is voiced by experienced newscasters, includes news reflected on the first page of the newspaper every morning for 20-25 minutes. Each of the voiced newspapers is recorded with a separate name. In this way, it is possible for the publisher to publish the newspaper it wishes. Sesli Gazete recordings are delivered every morning at 8:00 by mail or wetransfer.<\/span><\/p>\n\r\n\t\t<\/div>\r\n\t<\/div>\r\n<\/div><\/div><\/div><div class=\"vc_row wpb_row row top-row\"><div class=\"vc_column_container col-md-12\"><div class=\"wpb_wrapper vc_column-inner\"><h2 class=\"word-rotator slide\" style=\"text-align:left;\" data-plugin-options=\"{'waittime': 2500, 'pauseOnHover': false}\"><span class=\"word-rotate-prefix\" style=\"\">T\u00fcrkiye&#039;<\/span> <span class=\"word-rotator-items has-bg\" style=\"color:#ffffff;background:#da2032;\"><b class=\"active\">THE MOST FAMOUS<\/b><b>PROFESSIONAL<\/b><b>THE MOST POPULAR<\/b><\/span> <span class=\"word-rotate-suffix\" style=\"\">VOICES<\/span><\/h2>\n\t<div class=\"wpb_raw_code wpb_raw_html wpb_content_element\" >\n\t\t<div class=\"wpb_wrapper\">\n\t\t\t\n            <div \n                class=\"elfsight-widget-youtube-gallery elfsight-widget\" \n                data-elfsight-youtube-gallery-options=\"%7B%22channel%22%3A%22%22%2C%22sourceGroups%22%3A%5B%7B%22name%22%3A%22Seslendirme%20Sanat%5Cu00e7%5Cu0131lar%5Cu0131%20-%20Yatay%22%2C%22sources%22%3A%5B%22https%3A%5C%2F%5C%2Fwww.youtube.com%5C%2Fplaylist%3Flist%3DPLx0hHbhoUBKcMioRVyrWoaSX8CaRECRhB%22%5D%7D%5D%2C%22headerVisible%22%3Afalse%2C%22headerLayout%22%3A%22classic%22%2C%22headerInfo%22%3A%5B%5D%2C%22headerChannelName%22%3Anull%2C%22headerChannelDescription%22%3Anull%2C%22headerChannelLogo%22%3Anull%2C%22headerChannelBanner%22%3Anull%2C%22contentColumns%22%3A4%2C%22contentRows%22%3A1%2C%22contentGutter%22%3A20%2C%22contentResponsive%22%3A%5B%7B%22minWidth%22%3A375%2C%22columns%22%3A1%2C%22rows%22%3A%222%22%2C%22gutter%22%3A%2220%22%7D%2C%7B%22minWidth%22%3A768%2C%22columns%22%3A%221%22%2C%22rows%22%3A%222%22%2C%22gutter%22%3A%2220%22%7D%5D%2C%22width%22%3A%22auto%22%2C%22videoLayout%22%3A%22classic%22%2C%22videoInfo%22%3A%5B%22playIcon%22%2C%22duration%22%2C%22title%22%5D%2C%22videoPlayMode%22%3A%22inline%22%2C%22popupInfo%22%3A%5B%22title%22%2C%22channelLogo%22%2C%22channelName%22%2C%22subscribeButton%22%2C%22viewsCounter%22%2C%22likesCounter%22%2C%22dislikesCounter%22%2C%22likesRatio%22%2C%22share%22%2C%22date%22%2C%22description%22%2C%22descriptionMoreButton%22%2C%22comments%22%5D%2C%22popupAutoplay%22%3Atrue%2C%22contentDirection%22%3A%22horizontal%22%2C%22contentArrowsControl%22%3Atrue%2C%22contentScrollControl%22%3Afalse%2C%22contentDragControl%22%3Atrue%2C%22contentPaginationControl%22%3Afalse%2C%22contentScrollbar%22%3Atrue%2C%22contentSearch%22%3Afalse%2C%22contentDivider1%22%3Anull%2C%22contentTransitionSpeed%22%3A600%2C%22contentTransitionEffect%22%3A%22slide%22%2C%22contentFreeMode%22%3Afalse%2C%22contentDivider2%22%3Anull%2C%22contentAuto%22%3A0%2C%22contentAutoPauseOnHover%22%3Afalse%2C%22colorScheme%22%3A%22custom%22%2C%22colorHeaderBg%22%3A%22rgb%28250%2C%20250%2C%20250%29%22%2C%22colorHeaderBannerOverlay%22%3A%22rgba%28255%2C%20255%2C%20255%2C%200.92%29%22%2C%22colorHeaderChannelName%22%3A%22rgb%2817%2C%2017%2C%2017%29%22%2C%22colorHeaderChannelNameHover%22%3A%22rgb%2817%2C%2017%2C%2017%29%22%2C%22colorHeaderChannelDescription%22%3A%22rgb%2817%2C%2017%2C%2017%29%22%2C%22colorHeaderAnchor%22%3A%22rgb%2817%2C%2017%2C%2017%29%22%2C%22colorHeaderAnchorHover%22%3A%22rgb%2817%2C%2017%2C%2017%29%22%2C%22colorHeaderCounters%22%3A%22rgba%2817%2C%2017%2C%2017%2C%200.7%29%22%2C%22colorGroupsBg%22%3A%22rgb%28250%2C%20250%2C%20250%29%22%2C%22colorGroupsLink%22%3A%22rgb%2817%2C%2017%2C%2017%2C%200.5%29%22%2C%22colorGroupsLinkHover%22%3A%22rgb%2817%2C%2017%2C%2017%29%22%2C%22colorGroupsLinkActive%22%3A%22rgb%2817%2C%2017%2C%2017%29%22%2C%22colorGroupsHighlightHover%22%3A%22rgb%2817%2C%2017%2C%2017%29%22%2C%22colorGroupsHighlightActive%22%3A%22rgb%2817%2C%2017%2C%2017%29%22%2C%22colorVideoBg%22%3A%22rgb%28255%2C%20255%2C%20255%29%22%2C%22colorVideoOverlay%22%3A%22rgba%28255%2C%20255%2C%20255%2C%200.95%29%22%2C%22colorVideoPlayIcon%22%3A%22rgb%28215%2C%2032%2C%2049%29%22%2C%22colorVideoPlayIconHover%22%3A%22rgb%28215%2C%2032%2C%2049%29%22%2C%22colorVideoDuration%22%3A%22rgb%28255%2C%20255%2C%20255%29%22%2C%22colorVideoDurationBg%22%3A%22rgba%2834%2C%2034%2C%2034%2C%200.81%29%22%2C%22colorVideoTitle%22%3A%22rgb%2817%2C%2017%2C%2017%29%22%2C%22colorVideoTitleHover%22%3A%22rgb%2817%2C%2017%2C%2017%29%22%2C%22colorVideoDate%22%3A%22rgba%2817%2C%2017%2C%2017%2C%200.7%29%22%2C%22colorVideoDescription%22%3A%22rgb%2817%2C%2017%2C%2017%29%22%2C%22colorVideoAnchor%22%3A%22rgb%2826%2C%20137%2C%20222%29%22%2C%22colorVideoAnchorHover%22%3A%22rgb%2847%2C%20165%2C%20255%29%22%2C%22colorVideoCounters%22%3A%22rgba%2817%2C%2017%2C%2017%2C%200.7%29%22%2C%22colorPopupBg%22%3A%22rgb%28255%2C%20255%2C%20255%29%22%2C%22colorPopupAnchor%22%3A%22rgb%2826%2C%20137%2C%20222%29%22%2C%22colorPopupAnchorHover%22%3A%22rgb%2847%2C%20165%2C%20255%29%22%2C%22colorPopupOverlay%22%3A%22rgba%280%2C%200%2C%200%2C%200.7%29%22%2C%22colorPopupTitle%22%3A%22rgb%2817%2C%2017%2C%2017%29%22%2C%22colorPopupChannelName%22%3A%22rgb%2817%2C%2017%2C%2017%29%22%2C%22colorPopupChannelNameHover%22%3A%22rgb%2817%2C%2017%2C%2017%29%22%2C%22colorPopupViewsCounter%22%3A%22rgba%2817%2C%2017%2C%2017%2C%200.7%29%22%2C%22colorPopupLikesRatio%22%3A%22rgb%2847%2C%20165%2C%20255%29%22%2C%22colorPopupDislikesRatio%22%3A%22rgb%28207%2C%20207%2C%20207%29%22%2C%22colorPopupLikesCounter%22%3A%22rgba%2817%2C%2017%2C%2017%2C%200.5%29%22%2C%22colorPopupDislikesCounter%22%3A%22rgba%2817%2C%2017%2C%2017%2C%200.5%29%22%2C%22colorPopupShare%22%3A%22rgba%2817%2C%2017%2C%2017%2C%200.5%29%22%2C%22colorPopupDate%22%3A%22rgba%2817%2C%2017%2C%2017%2C%200.7%29%22%2C%22colorPopupDescription%22%3A%22rgb%2817%2C%2017%2C%2017%29%22%2C%22colorPopupDescriptionMoreButton%22%3A%22rgba%2817%2C%2017%2C%2017%2C%200.5%29%22%2C%22colorPopupDescriptionMoreButtonHover%22%3A%22rgba%2817%2C%2017%2C%2017%2C%200.7%29%22%2C%22colorPopupCommentsUsername%22%3A%22rgb%2817%2C%2017%2C%2017%29%22%2C%22colorPopupCommentsUsernameHover%22%3A%22rgb%2817%2C%2017%2C%2017%29%22%2C%22colorPopupCommentsPassedTime%22%3A%22rgba%2817%2C%2017%2C%2017%2C%200.7%29%22%2C%22colorPopupCommentsLikes%22%3A%22rgba%2817%2C%2017%2C%2017%2C%200.5%29%22%2C%22colorPopupCommentsText%22%3A%22rgb%2817%2C%2017%2C%2017%29%22%2C%22colorPopupControls%22%3A%22rgb%28160%2C%20160%2C%20160%29%22%2C%22colorPopupControlsHover%22%3A%22rgb%28220%2C%20220%2C%20220%29%22%2C%22colorPopupControlsMobile%22%3A%22rgb%28220%2C%20220%2C%20220%29%22%2C%22colorPopupControlsMobileBg%22%3A%22rgba%28255%2C%20255%2C%20255%2C%200%29%22%2C%22colorContentBg%22%3A%22rgb%28255%2C%20255%2C%20255%29%22%2C%22colorContentArrows%22%3A%22rgb%280%2C%200%2C%200%29%22%2C%22colorContentArrowsHover%22%3A%22rgb%280%2C%200%2C%200%29%22%2C%22colorContentArrowsBg%22%3A%22rgba%28255%2C%20255%2C%20255%2C%200.8%29%22%2C%22colorContentArrowsBgHover%22%3A%22rgba%28255%2C%20255%2C%20255%2C%201%29%22%2C%22colorContentScrollbarBg%22%3A%22rgb%28204%2C%20204%2C%20204%29%22%2C%22colorContentScrollbarSliderBg%22%3A%22rgba%280%2C%200%2C%200%2C%200.4%29%22%2C%22lang%22%3A%22en%22%2C%22adsClient%22%3Anull%2C%22adsSlotsContent%22%3Anull%2C%22adsSlotsPopup%22%3Anull%2C%22noCookies%22%3Anull%2C%22key%22%3A%22AIzaSyDwZ_5JeSNCMkLX33QuJ0VtGCMsBdcMOS4%22%2C%22apiUrl%22%3A%22https%3A%5C%2F%5C%2Ftasima.bibersa.com%5C%2Fen%5C%2Fwp-json%5C%2Felfsight-youtube-gallery%5C%2Fapi%22%2C%22widgetId%22%3A%224%22%7D\" \n                data-elfsight-youtube-gallery-version=\"3.5.0\"\n                data-elfsight-widget-id=\"elfsight-youtube-gallery-4\">\n            <\/div>\n            \n\t\t<\/div>\n\t<\/div>\n<\/div><\/div><\/div><div class=\"vc_row wpb_row row top-row\"><div class=\"vc_column_container col-md-12\"><div class=\"wpb_wrapper vc_column-inner\"><h4  class=\"vc_custom_heading vc_do_custom_heading wpb_custom_aa365bd5046e8294520b4e73732b9d15 align-left text-uppercase\" >Frequently Asked Questions<\/h4><div class=\"porto-toggles wpb_content_element  toggle-sm\"><section class=\"vc_do_toggle toggle\"><label>How should the news voice-over be?<\/label><div class=\"toggle-content\"><p><span style=\"font-weight: 400;\">The news sometimes convey very critical, sometimes very sad or very joyful events to people, and it is very important for these events to arouse the right perception in people. Imagine that the announcers or voice actors present the crucial news with a straight speaking style without any emphasis, intonation or gestures while reading the news. The pain experienced in the sad news will not be felt enough or the excitement brought by a new invention will not be adequately conveyed. Therefore, the situation will begin to be disturbing for the audience as well. For this reason, the voiceover of the news should be made with remarkable, correct intonation, emphasis and facial expressions. Newscasters should not forget that they are addressing millions when they are doing their voiceover work. It is important that the speaker to be selected has advanced presentation and news voice-over skills. Make sure that with the right technique and presentation, there will be serious changes in TV or radio ratings.<\/span><\/p>\n<\/div><\/section><\/div><\/div><\/div><\/div>\n<\/div>","protected":false},"excerpt":{"rendered":"Yerel i\u015flerde sadece T\u00fcrkiye radyolar\u0131nda yay\u0131nlanmak \u00fczere haz\u0131rlanan radyo reklamlar\u0131d\u0131r ve BiberSA Prod\u00fcksiyon Seslendirme &amp; Dublaj Ajans\u0131 taraf\u0131ndan, bu hizmetin i\u00e7eri\u011finde sadece radyolarda yay\u0131nlanacak reklam \u00fcretim hizmeti verilmektedir. Reklam metinleri yaz\u0131m\u0131, seslendirme ve ses tasar\u0131m\u0131 gibi t\u00fcm prod\u00fcksiyon ihtiyac\u0131 bu hizmetimizin i\u00e7erisinde m\u00fc\u015fterilerimize sunulmaktad\u0131r. Home \u0130leti\u015fim Radyo Haberleri Haber programlar\u0131 g\u00fcnl\u00fck hayat\u0131m\u0131z\u0131n bir par\u00e7as\u0131d\u0131r. D\u00fcnya [...]","protected":false},"author":2,"featured_media":0,"parent":0,"menu_order":0,"comment_status":"closed","ping_status":"closed","template":"","meta":{"footnotes":""},"class_list":["post-1026","page","type-page","status-publish","hentry"],"_links":{"self":[{"href":"https:\/\/tasima.bibersa.com\/en\/wp-json\/wp\/v2\/pages\/1026","targetHints":{"allow":["GET"]}}],"collection":[{"href":"https:\/\/tasima.bibersa.com\/en\/wp-json\/wp\/v2\/pages"}],"about":[{"href":"https:\/\/tasima.bibersa.com\/en\/wp-json\/wp\/v2\/types\/page"}],"author":[{"embeddable":true,"href":"https:\/\/tasima.bibersa.com\/en\/wp-json\/wp\/v2\/users\/2"}],"replies":[{"embeddable":true,"href":"https:\/\/tasima.bibersa.com\/en\/wp-json\/wp\/v2\/comments?post=1026"}],"version-history":[{"count":0,"href":"https:\/\/tasima.bibersa.com\/en\/wp-json\/wp\/v2\/pages\/1026\/revisions"}],"wp:attachment":[{"href":"https:\/\/tasima.bibersa.com\/en\/wp-json\/wp\/v2\/media?parent=1026"}],"curies":[{"name":"wp","href":"https:\/\/api.w.org\/{rel}","templated":true}]}}